{"id":1,"date":"2025-01-27T18:43:25","date_gmt":"2025-01-27T17:43:25","guid":{"rendered":"http:\/\/kermisch.eu\/celinek\/?p=1"},"modified":"2026-03-09T20:06:08","modified_gmt":"2026-03-09T19:06:08","slug":"celine","status":"publish","type":"page","link":"https:\/\/kermisch.eu\/","title":{"rendered":"C\u00e9line Kermisch"},"content":{"rendered":"\n<div class=\"wp-block-media-text alignwide has-media-on-the-right is-stacked-on-mobile is-vertically-aligned-center is-image-fill-element\" style=\"grid-template-columns:auto 31%\"><div class=\"wp-block-media-text__content\">\n<p class=\"has-text-align-left has-large-font-size\">C\u00e9line Kermisch is an expert in the ethics of science and technology and an Associate Professor (Charg\u00e9e de cours) at the \u00c9cole polytechnique de Bruxelles at the Universit\u00e9 libre de Bruxelles (ULB). She holds an MSc in Mechanical Engineering, an MA in Philosophy of Science, and a PhD in the Philosophy of Risk.<\/p>\n\n\n\n<p>C\u00e9line has more than twenty years of experience in academia as well as in consulting in the field of ethics of science and technology. Her teaching covers engineering ethics, the epistemology of science and technology, and socio-technical controversies.<\/p>\n\n\n\n<p>She has extensive experience in ethical assessment and advisory work. She has evaluated research projects for the European Commission and is currently working with ONDRAF\/NIRAS (Belgian Agency for Radioactive Waste and Enriched Fissile Materials) on projects addressing the ethical and societal dimensions of radioactive waste management. She has also collaborated with the King Baudouin Foundation (Belgium) and the Institut pour la Ma\u00eetrise des Risques (IMdR, France).<\/p>\n\n\n\n<p class=\"has-text-align-left has-large-font-size\">C\u00e9line is also a member of the Ethics and Society Committee of ANDRA (French National Agency for Radioactive Waste Management).<\/p>\n\n\n\n<p><strong>Contact : celine@kermisch.eu<\/strong><\/p>\n\n\n\n<p><strong><a href=\"https:\/\/kermisch.eu\/wp-content\/uploads\/2026\/03\/CV-Short-ENG-mars2026.pdf\" target=\"_blank\" rel=\"noreferrer noopener\">Download CV<\/a><\/strong><\/p>\n<\/div><figure class=\"wp-block-media-text__media\"><img loading=\"lazy\" decoding=\"async\" width=\"994\" height=\"1024\" src=\"https:\/\/kermisch.eu\/wp-content\/uploads\/2025\/02\/Sans-titre-994x1024.jpg\" alt=\"\" class=\"wp-image-214 size-full\" style=\"object-position:50% 50%\" srcset=\"https:\/\/kermisch.eu\/wp-content\/uploads\/2025\/02\/Sans-titre-994x1024.jpg 994w, https:\/\/kermisch.eu\/wp-content\/uploads\/2025\/02\/Sans-titre-291x300.jpg 291w, https:\/\/kermisch.eu\/wp-content\/uploads\/2025\/02\/Sans-titre-768x791.jpg 768w, https:\/\/kermisch.eu\/wp-content\/uploads\/2025\/02\/Sans-titre-1492x1536.jpg 1492w, https:\/\/kermisch.eu\/wp-content\/uploads\/2025\/02\/Sans-titre.jpg 1549w\" sizes=\"auto, (max-width: 994px) 100vw, 994px\" \/><\/figure><\/div>\n\n\n\n<p class=\"has-text-align-left\"><\/p>\n\n\n\n<p><\/p>\n","protected":false},"excerpt":{"rendered":"<p>C\u00e9line Kermisch is an expert in the ethics of science and technology and an Associate Professor (Charg\u00e9e de cours) at the \u00c9cole polytechnique de Bruxelles at the Universit\u00e9 libre de Bruxelles (ULB). She holds an MSc in Mechanical Engineering, an MA in Philosophy of Science, and a PhD in the Philosophy of Risk. C\u00e9line has [&hellip;]<\/p>\n","protected":false},"author":1,"featured_media":0,"parent":0,"menu_order":1,"comment_status":"open","ping_status":"open","template":"","meta":{"footnotes":""},"class_list":["post-1","page","type-page","status-publish","hentry"],"_links":{"self":[{"href":"https:\/\/kermisch.eu\/index.php\/wp-json\/wp\/v2\/pages\/1","targetHints":{"allow":["GET"]}}],"collection":[{"href":"https:\/\/kermisch.eu\/index.php\/wp-json\/wp\/v2\/pages"}],"about":[{"href":"https:\/\/kermisch.eu\/index.php\/wp-json\/wp\/v2\/types\/page"}],"author":[{"embeddable":true,"href":"https:\/\/kermisch.eu\/index.php\/wp-json\/wp\/v2\/users\/1"}],"replies":[{"embeddable":true,"href":"https:\/\/kermisch.eu\/index.php\/wp-json\/wp\/v2\/comments?post=1"}],"version-history":[{"count":28,"href":"https:\/\/kermisch.eu\/index.php\/wp-json\/wp\/v2\/pages\/1\/revisions"}],"predecessor-version":[{"id":247,"href":"https:\/\/kermisch.eu\/index.php\/wp-json\/wp\/v2\/pages\/1\/revisions\/247"}],"wp:attachment":[{"href":"https:\/\/kermisch.eu\/index.php\/wp-json\/wp\/v2\/media?parent=1"}],"curies":[{"name":"wp","href":"https:\/\/api.w.org\/{rel}","templated":true}]}}