{"id":79,"date":"2025-02-25T15:03:59","date_gmt":"2025-02-25T14:03:59","guid":{"rendered":"http:\/\/kermisch.eu\/celinek\/?page_id=79"},"modified":"2025-02-26T19:04:57","modified_gmt":"2025-02-26T18:04:57","slug":"publication","status":"publish","type":"page","link":"https:\/\/kermisch.eu\/index.php\/publication\/","title":{"rendered":"Publications"},"content":{"rendered":"\n<p><strong>Selection of publications and conferences<\/strong><\/p>\n\n\n\n<p><strong>Articles in international peer-reviewed journals<\/strong><\/p>\n\n\n\n<ul class=\"wp-block-list\">\n<li>Kermisch C. and Depaus C., \u201cAn ethical analysis of the impact of reversibility and retrievability provisions on well-being\u201d, <em>Progress in Nuclear Energy<\/em> 177, 2024.<\/li>\n\n\n\n<li>Kermisch C. and Depaus C., \u201cAccounting for future generations in energy ethics: the case for temporalized ethical matrices\u201d, <em>Ethics, policy &amp; environment<\/em> 27(1), 2024, p.30-47.<\/li>\n\n\n\n<li>Kwakkel J., Taebi B. and Kermisch C., \u201cGoverning climate risks in the face of normative uncertainties\u201d, <em>WIREs: Climate Change 11(5)<\/em>, 11p.<\/li>\n\n\n\n<li>Kermisch C. and Depaus C., \u201cThe strength of ethical matrixes as a tool for normative analysis related to technological choices: the case of geological disposal for radioactive waste\u201d, <em>Science and engineering ethics<\/em> 24(1), 2018, p. 29-48.<\/li>\n\n\n\n<li>Kermisch C. and Taebi B., \u201cSustainability, ethics and nuclear energy: escaping the dichotomy\u201d, <em>Sustainability<\/em> 9(3), 2017, 13p.<\/li>\n\n\n\n<li>Kermisch C., Depaus C. and Labeau P.-E., \u201cA contribution to the analysis of equity associated with high-level radioactive waste management\u201d, <em>Progress in nuclear energy<\/em> 92, 2016, p.40-47.<\/li>\n\n\n\n<li>Kermisch C., \u201cCan today&rsquo;s decisions really be future-proofed?\u201d, <em>Nature<\/em> 530 (7591), February 2016, p 383.<\/li>\n\n\n\n<li>Kermisch C., \u201cSpecifying the concept of future generations for addressing issues related to high-level radioactive waste\u201d, <em>Science and engineering ethics<\/em> 22(6), 2016, p. 1797-1811.<\/li>\n\n\n\n<li>Turcanu C., Perko T. and Kermisch C., \u201cWhat makes nuclear energy (not) acceptable?\u201d, <em>ATW &#8211; International Journal for nuclear power<\/em> 58 (8\/9), 2013, p. 491-498.<\/li>\n\n\n\n<li>Kermisch C. and Labeau P.-E., \u201cCommunicating about nuclear events: some suggestions to improve INES\u201d, <em>Reliability engineering &amp; system safety<\/em> 119, 2013, p.\u00a0165-171.<\/li>\n\n\n\n<li>Kermisch C., \u201cVers une d\u00e9finition multidimensionnelle du risque\u201d, <em>Vertigo<\/em> 12(2), 2012.<\/li>\n\n\n\n<li>Kermisch C., \u201cDo new ethical issues arise at each stage of nanotechnological development?\u201d, <em>Nanoethics<\/em> 6(1), 2012, p.29-37.<\/li>\n\n\n\n<li>Kermisch C., \u201cRisk and responsibility: a complex and evolving relationship\u201d, <em>Science and engineering ethics<\/em> 18(1), 2012,<br>p.  91-102.<\/li>\n\n\n\n<li>Kermisch C., \u201cQuestioning the INES scale after the Fukushima Daiichi accident\u201d, <em>Ethics, policy and environment<\/em> 14(3), 2011, p.279-283.<\/li>\n<\/ul>\n\n\n\n<p><strong>Monographs and edited volumes<\/strong><\/p>\n\n\n\n<ul class=\"wp-block-list\">\n<li>Kermisch C., <em>Le concept de risque. De l\u2019\u00e9pist\u00e9mologie \u00e0 l\u2019\u00e9thique<\/em> (96 pages), Paris, Lavoisier, 2011.<\/li>\n\n\n\n<li>Kermisch C., <em>Les paradigmes de la perception du risque<\/em> (248 p., Pr\u00e9face&nbsp;: Dominique Bourg), Paris, Lavoisier, 2010.<\/li>\n\n\n\n<li>Kermisch C. and Pinsart M.-G. (eds.), <em>Les nanotechnologies&nbsp;: vers un changement d\u2019\u00e9chelle \u00e9thique&nbsp;?<\/em> (378 pages), Fernelmont, EME, 2012.<\/li>\n\n\n\n<li>Kermisch C. and Hottois G. (eds.), <em>Techniques et philosophies des risques (254 pages)<\/em>, Paris, Vrin, 2007.<\/li>\n<\/ul>\n\n\n\n<p><strong>Chapters in edited volumes<\/strong><\/p>\n\n\n\n<ul class=\"wp-block-list\">\n<li>Kermisch C. and Depaus C., \u201cApplying the optimisation principle to the choice of the host rock for geological disposal: Epistemological and ethical dimensions\u201d in <em>Proceedings of the NEA IGSC Safety Case Safety Case Symposium<\/em>, forthcoming.<\/li>\n\n\n\n<li>Kermisch C. and Depaus C., \u00ab\u00a0Radioactive waste and responsibility towards future generations\u00a0\u00bb, in Broadhead S. &amp; Placani A. (eds.), <em>Risk and responsibility in context<\/em>,<br>Routledge, 2024.<\/li>\n\n\n\n<li>Kermisch C., \u201cTh\u00e9orie culturelle\u201d, in Marchand D. et al. (eds.), <em>Dictionnaire de psychologie environnementale<\/em>, Paris, Dunod, 2022.<\/li>\n\n\n\n<li>Kermisch C., \u201cRadioactive waste\u201d, in Brinkmann R. (ed.), <em>The\u00a0Palgrave\u00a0Global Handbook of Sustainability<\/em>, Palgrave Macmillan,  2021.<\/li>\n\n\n\n<li>Kermisch C., \u201cDe l\u2019\u00e9thique des technologies \u00e0 la perception de leurs risques\u201d,\u00a0in <em>AM Cov\u00e9a. Histoires de mutualisme<\/em>, Paris, Le Cherche-Midi, 2019, p. 112-115.<\/li>\n\n\n\n<li>Kermisch C., \u201cQuand l\u2019artiste s\u2019approprie la probl\u00e9matique de la m\u00e9moire des d\u00e9chets radioactifs\u201d, in Massart C. (ed.) <em>Archives du futur pour une culture nucl\u00e9aire<\/em>, Bruxelles, La<br>Lettre vol\u00e9e, 2018, p. 31-32.<\/li>\n\n\n\n<li>Kermisch C., \u201cNanotechnologies et technologies convergentes\u201d et \u201cRisque\u201d in Hottois G. et al. (eds.), <em>Humain, transhumain, posthumain. L\u2019homme et ses pr\u00e9fixes<\/em>, Paris, Vrin, 2014.<\/li>\n\n\n\n<li>Kermisch C., \u201cPerception, epistemics, and ethics: a triple perspective on the specificity of nanotechnologies and their risks\u201d, in Kermisch C. and Pinsart M.-G (eds.), <em>Les<br>nanotechnologies\u00a0: vers un changement d\u2019\u00e9chelle \u00e9thique\u00a0?<\/em>, Fernelmont, EME, 2012, p.\u00a0183-197.<\/li>\n\n\n\n<li>Kermisch C. and Labeau P.-E., \u201cTh\u00e9orie culturaliste et perception des risques\u00a0: une analyse critique\u201d, in Kahn P. et al. (eds.), <em>Anticipation, innovation, perception : des d\u00e9fis pour la<br>ma\u00eetrise des risques \u00e0 l&rsquo;horizon 2020<\/em>, Paris, Lavoisier, 2010, p.253-266.<\/li>\n\n\n\n<li>Kermisch C., \u201cEnhancement et perception des risques\u201d, in Missa J.-N. and Perbal L. (eds.),<em>\u201cEnhancement\u201d. Ethique et philosophie de la m\u00e9decine d&rsquo;am\u00e9lioration<\/em>, Paris, Vrin, 2009,<br>p.\u00a0133-145.<\/li>\n<\/ul>\n\n\n\n<p><strong>Edition and referee work<\/strong><\/p>\n\n\n\n<ul class=\"wp-block-list\">\n<li>Referee for the following journals:&nbsp;Fire safety journal; International social science journal;<br>Science and engineering ethics; Journal of risk research; Ethics, policy and environment;<br>Reliability, engineering &amp; system safety; International Journal of risk assessment and<br>management; Cahiers de droit europ\u00e9en.<\/li>\n\n\n\n<li>2010-2016: Creation and direction of the collection \u201cEthics in action\u201d dedicated to applied<br>ethics, Editions Modulaires Europ\u00e9ennes, Fernelmont.<br>D. Selection of invited conferences<\/li>\n\n\n\n<li>Kermisch C., \u201cIntegrating ethics in the societal debate in Belgium (2023-2024)\u201d, Seventh<br>International Conference on Geological Repositories (ICGR- 7), Busan (South Korea),<br>29\/05\/2024.<\/li>\n<\/ul>\n\n\n\n<p><strong>Selection of invited conferences<\/strong><\/p>\n\n\n\n<ul class=\"wp-block-list\">\n<li>Kermisch C., \u201cIntegrating ethics in the societal debate in Belgium (2023-2024)\u201d, Seventh International Conference on Geological Repositories (ICGR- 7), Busan (South Korea), 29\/05\/2024.<\/li>\n\n\n\n<li>Kermisch C., \u201cNuclear waste, retrievability and future generations\u201d, Karlsruhe Institute of Technology, Germany, 12\/12\/2023.<\/li>\n\n\n\n<li>Kermisch C., \u201cL\u2019\u00e9thique dans l\u2019entreprise\u00a0: pour le meilleur ou pour le pire\u00a0?\u201d, Inaugural conference for Les Entretiens du risque 2019 de l\u2019Institut pour la Ma\u00eetrise Des Risques, Paris, France, 03\/12\/2019.<\/li>\n\n\n\n<li>Kermisch C. and Depaus C., \u201cApplying the optimisation principle to the choice of the host rock for geological disposal: ethical and epistemological dimensions\u201d, NEA Integration Group for the Safety Case (IGSC) Symposium 2018, Rotterdam, The Netherlands, 10\/10\/2018.<\/li>\n\n\n\n<li>Kermisch C., \u201cPerceptions des risques et ondes \u00e9lectromagn\u00e9tiques\u201d, T\u00e9l\u00e9com ParisTech, Paris, France, 15\/12\/2016.<\/li>\n\n\n\n<li>Kermisch C., \u201cTowards an ethical management of HLRW: challenging the notion of future generations\u201d, RESET of U.S. Nuclear Waste Management Strategy and Policy, Stanford<br>University, Stanford, USA, 27\/10\/2016.<\/li>\n\n\n\n<li>Kermisch C., \u201cAn ethical management of technologies? The usefulness of ethical matrixes\u201d, 2016 IEEE International Symposium on Ethics in Engineering, Science and Technology, Vancouver, Canada, 14\/05\/2016.<\/li>\n\n\n\n<li>Kermisch C., \u201cIs it relevant to refer to \u2018future generations\u2019 when analyzing HLRW management strategies? \u201d, Keynote speaker for the conference \u201cEthics and Governance of<br>Energy Technologies\u201d, Eindhoven University of Technology, Eindhoven, The Netherlands, 15\/01\/2016.<\/li>\n\n\n\n<li>Kermisch C., \u201cQuels statuts ontologique et \u00e9pist\u00e9mologique pour le risque\u00a0? \u201d, Retour sur la soci\u00e9t\u00e9 du risque, Cerisy-La-Salle, France, 7\/09\/2011.<\/li>\n<\/ul>\n","protected":false},"excerpt":{"rendered":"<p>Selection of publications and conferences Articles in international peer-reviewed journals Monographs and edited volumes Chapters in edited volumes Edition and referee work Selection of invited conferences<\/p>\n","protected":false},"author":1,"featured_media":0,"parent":0,"menu_order":0,"comment_status":"closed","ping_status":"closed","template":"","meta":{"footnotes":""},"class_list":["post-79","page","type-page","status-publish","hentry"],"_links":{"self":[{"href":"https:\/\/kermisch.eu\/index.php\/wp-json\/wp\/v2\/pages\/79","targetHints":{"allow":["GET"]}}],"collection":[{"href":"https:\/\/kermisch.eu\/index.php\/wp-json\/wp\/v2\/pages"}],"about":[{"href":"https:\/\/kermisch.eu\/index.php\/wp-json\/wp\/v2\/types\/page"}],"author":[{"embeddable":true,"href":"https:\/\/kermisch.eu\/index.php\/wp-json\/wp\/v2\/users\/1"}],"replies":[{"embeddable":true,"href":"https:\/\/kermisch.eu\/index.php\/wp-json\/wp\/v2\/comments?post=79"}],"version-history":[{"count":12,"href":"https:\/\/kermisch.eu\/index.php\/wp-json\/wp\/v2\/pages\/79\/revisions"}],"predecessor-version":[{"id":162,"href":"https:\/\/kermisch.eu\/index.php\/wp-json\/wp\/v2\/pages\/79\/revisions\/162"}],"wp:attachment":[{"href":"https:\/\/kermisch.eu\/index.php\/wp-json\/wp\/v2\/media?parent=79"}],"curies":[{"name":"wp","href":"https:\/\/api.w.org\/{rel}","templated":true}]}}